{"id":47184,"date":"2020-07-17T08:15:08","date_gmt":"2020-07-17T08:15:08","guid":{"rendered":"https:\/\/www.copealcoy.es\/?page_id=47184"},"modified":"2020-07-17T08:15:08","modified_gmt":"2020-07-17T08:15:08","slug":"responsabilidad-social-corporativa","status":"publish","type":"page","link":"https:\/\/www.copealcoy.es\/es\/responsabilidad-social-corporativa\/","title":{"rendered":"Responsabilidad social corporativa"},"content":{"rendered":"<div class=\"wpb-content-wrapper\">[vc_row][vc_column][vc_column_text]En la misi\u00f3n y visi\u00f3n de COPE ALCOY (nombre comercial de PONT MEDIA S.L.) est\u00e1 presente la Responsabilidad Social Corporativa -RSC- como uno de los principios b\u00e1sicos de nuestras actuaciones.<\/p>\n<p>En la misi\u00f3n y visi\u00f3n de COPE ALCOY (nombre comercial de PONT MEDIA S.L.) est\u00e1 presente la Responsabilidad Social Corporativa -RSC- como uno de los principios b\u00e1sicos de nuestras actuaciones.<\/p>\n<p>El respeto y cumplimiento de las leyes laborales o medioambientales es solo el punto de partida de la Responsabilidad Social Corporativa asumida por COPE ALCOY ya que entendemos que una empresa es socialmente responsable cuando en su proceso de toma de decisiones valora el impacto de sus acciones en las comunidades, en los trabajadores y en el medio ambiente, e incorpora efectivamente sus intereses en sus procesos y resultados.<\/p>\n<p>Todas las decisiones en la conducci\u00f3n y gesti\u00f3n de COPE ALCOY se toman teniendo en cuenta su interacci\u00f3n con el entorno en el que opera, tanto a nivel social, econ\u00f3mico o medioambiental, y ello porque entendemos que las empresas somos agentes activos de la sociedad y no debemos limitarnos en buscar un inter\u00e9s comercial; tambi\u00e9n nos corresponde realizar aportaciones al medio al que nos encontramos vinculadas.<\/p>\n<p>Estas son algunas de las medidas que en COPE ALCOY hemos asumido en nuestro compromiso como empresa con Responsabilidad Social Corporativa:<\/p>\n<p>Adoptar una pol\u00edtica medioambiental:<\/p>\n<p>Puede parecer demasiado obvio, pero muchas empresas a\u00fan carecen de objetivos claros en esta materia. En COPE ALCOY hemos medido el alcance de nuestra actividad y por ello nos esforzamos en llevar a cabo acciones que favorezcan el medio ambiente y el desarrollo social y econ\u00f3mico de nuestro privilegiado entorno. <strong>Algunas de las acciones en esta materia por parte de COPE ALCOY son&#8230;<\/strong><\/p>\n<p><em>Reflexionamos sobre el impacto de las acciones de RSC:<\/em><\/p>\n<p>Resulta del todo conviene reflexionar sobre el impacto y la repercusi\u00f3n de las actividades de responsabilidad social. Cada empresa debe encontrar la mejor forma de aportar al contexto en el que opera y en COPE ALCOY no dejamos de pensar cual es nuestra aportaci\u00f3n al entorno social.<\/p>\n<p><em>Desarrollar un programa de RSC:<\/em><\/p>\n<p>Para poder tener claros los fines o las metas en materia de RSC COPE ALCOY ha generado su propia gu\u00eda de actuaci\u00f3n. En dicha gu\u00eda est\u00e1n especificados factores como las acciones a realizar, los responsables de la ejecuci\u00f3n, supervisi\u00f3n y medici\u00f3n de las mismas, los recursos materiales y humanos para ello, los plazos asignados y, claro, la dimensi\u00f3n de nuestro programa, es decir, en qu\u00e9 \u00e1rea se enmarca. Respecto a este \u00faltimo punto, las tres variables que destacamos son: social, ambiental y desarrollo econ\u00f3mico.<\/p>\n<p><em>Difundir las acciones de responsabilidad social:<\/em><\/p>\n<p>Si nuestro entorno es el principal destinatario de las acciones de responsabilidad social de COPE ALCOY, creemos que es nuestro deber informar sobre todo aquello que realizamos en su beneficio. Al difundir nuestras acciones socialmente responsables no mejoramos nuestra posici\u00f3n de marca en el mercado, pero reforzamos la relaci\u00f3n con la sociedad que nos rodea y es una muestra de transparencia.<\/p>\n<p><em>Participar en acciones ben\u00e9ficas:<\/em><\/p>\n<p>Adem\u00e1s de medir el impacto de sus actividades comerciales, las empresas pueden unirse a iniciativas de desarrollo social y ambiental que lleven a cabo otras entidades; <strong>por ello nos unimos a proyectos o iniciativas conjuntas solidarias en estas materias<\/strong>.<\/p>\n<p><em>Llevar a cabo buenas pr\u00e1cticas laborales:<\/em><\/p>\n<p>La responsabilidad social tambi\u00e9n se mide en las pr\u00e1cticas que van asociadas a la actividad comercial, como por ejemplo el tipo de contrataci\u00f3n de los trabajadores y las trabajadoras, la remuneraci\u00f3n o el respeto por los derechos laborales, entre otros asuntos. Todo tiene que ver con ello y el bienestar empieza por garantizar las buenas condiciones de quienes forman parte de las empresas. <em>Por eso en COPE ALCOY contamos con una pol\u00edtica laboral de igualdad laboral tanto en materia de contrataci\u00f3n y salarial<\/em>.[\/vc_column_text][\/vc_column][\/vc_row]\n<\/div>","protected":false},"excerpt":{"rendered":"<p>[vc_row][vc_column][vc_column_text]En la misi\u00f3n y visi\u00f3n de COPE ALCOY (nombre comercial de PONT MEDIA S.L.) est\u00e1 presente la Responsabilidad Social Corporativa&#8230;<\/p>\n","protected":false},"author":1,"featured_media":0,"parent":0,"menu_order":0,"comment_status":"closed","ping_status":"closed","template":"","meta":{"footnotes":""},"class_list":["post-47184","page","type-page","status-publish","hentry"],"yoast_head":"<!-- This site is optimized with the Yoast SEO plugin v27.1.1 - https:\/\/yoast.com\/product\/yoast-seo-wordpress\/ -->\n<title>Responsabilidad social corporativa - COPE Alcoy<\/title>\n<meta name=\"robots\" content=\"index, follow, max-snippet:-1, max-image-preview:large, max-video-preview:-1\" \/>\n<link rel=\"canonical\" href=\"https:\/\/www.copealcoy.es\/es\/responsabilidad-social-corporativa\/\" \/>\n<meta property=\"og:locale\" content=\"es_ES\" \/>\n<meta property=\"og:type\" content=\"article\" \/>\n<meta property=\"og:title\" content=\"Responsabilidad social corporativa - COPE Alcoy\" \/>\n<meta property=\"og:description\" content=\"[vc_row][vc_column][vc_column_text]En la misi\u00f3n y visi\u00f3n de COPE ALCOY (nombre comercial de PONT MEDIA S.L.) est\u00e1 presente la Responsabilidad Social Corporativa...\" \/>\n<meta property=\"og:url\" content=\"https:\/\/www.copealcoy.es\/es\/responsabilidad-social-corporativa\/\" \/>\n<meta property=\"og:site_name\" content=\"COPE Alcoy\" \/>\n<meta name=\"twitter:label1\" content=\"Tiempo de lectura\" \/>\n\t<meta name=\"twitter:data1\" content=\"3 minutos\" \/>\n<script type=\"application\/ld+json\" class=\"yoast-schema-graph\">{\"@context\":\"https:\/\/schema.org\",\"@graph\":[{\"@type\":\"WebPage\",\"@id\":\"https:\/\/www.copealcoy.es\/es\/responsabilidad-social-corporativa\/\",\"url\":\"https:\/\/www.copealcoy.es\/es\/responsabilidad-social-corporativa\/\",\"name\":\"Responsabilidad social corporativa - COPE Alcoy\",\"isPartOf\":{\"@id\":\"https:\/\/www.copealcoy.es\/es\/#website\"},\"datePublished\":\"2020-07-17T08:15:08+00:00\",\"breadcrumb\":{\"@id\":\"https:\/\/www.copealcoy.es\/es\/responsabilidad-social-corporativa\/#breadcrumb\"},\"inLanguage\":\"es\",\"potentialAction\":[{\"@type\":\"ReadAction\",\"target\":[\"https:\/\/www.copealcoy.es\/es\/responsabilidad-social-corporativa\/\"]}]},{\"@type\":\"BreadcrumbList\",\"@id\":\"https:\/\/www.copealcoy.es\/es\/responsabilidad-social-corporativa\/#breadcrumb\",\"itemListElement\":[{\"@type\":\"ListItem\",\"position\":1,\"name\":\"Portada\",\"item\":\"https:\/\/www.copealcoy.es\/es\/\"},{\"@type\":\"ListItem\",\"position\":2,\"name\":\"Responsabilidad social corporativa\"}]},{\"@type\":\"WebSite\",\"@id\":\"https:\/\/www.copealcoy.es\/es\/#website\",\"url\":\"https:\/\/www.copealcoy.es\/es\/\",\"name\":\"COPE Alcoy\",\"description\":\"Emisora COPE de radio local con emisi\u00f3n online. Pont de Sant Jordi 8-10 03803 Alcoy\",\"potentialAction\":[{\"@type\":\"SearchAction\",\"target\":{\"@type\":\"EntryPoint\",\"urlTemplate\":\"https:\/\/www.copealcoy.es\/es\/?s={search_term_string}\"},\"query-input\":{\"@type\":\"PropertyValueSpecification\",\"valueRequired\":true,\"valueName\":\"search_term_string\"}}],\"inLanguage\":\"es\"}]}<\/script>\n<!-- \/ Yoast SEO plugin. -->","yoast_head_json":{"title":"Responsabilidad social corporativa - COPE Alcoy","robots":{"index":"index","follow":"follow","max-snippet":"max-snippet:-1","max-image-preview":"max-image-preview:large","max-video-preview":"max-video-preview:-1"},"canonical":"https:\/\/www.copealcoy.es\/es\/responsabilidad-social-corporativa\/","og_locale":"es_ES","og_type":"article","og_title":"Responsabilidad social corporativa - COPE Alcoy","og_description":"[vc_row][vc_column][vc_column_text]En la misi\u00f3n y visi\u00f3n de COPE ALCOY (nombre comercial de PONT MEDIA S.L.) est\u00e1 presente la Responsabilidad Social Corporativa...","og_url":"https:\/\/www.copealcoy.es\/es\/responsabilidad-social-corporativa\/","og_site_name":"COPE Alcoy","twitter_misc":{"Tiempo de lectura":"3 minutos"},"schema":{"@context":"https:\/\/schema.org","@graph":[{"@type":"WebPage","@id":"https:\/\/www.copealcoy.es\/es\/responsabilidad-social-corporativa\/","url":"https:\/\/www.copealcoy.es\/es\/responsabilidad-social-corporativa\/","name":"Responsabilidad social corporativa - COPE Alcoy","isPartOf":{"@id":"https:\/\/www.copealcoy.es\/es\/#website"},"datePublished":"2020-07-17T08:15:08+00:00","breadcrumb":{"@id":"https:\/\/www.copealcoy.es\/es\/responsabilidad-social-corporativa\/#breadcrumb"},"inLanguage":"es","potentialAction":[{"@type":"ReadAction","target":["https:\/\/www.copealcoy.es\/es\/responsabilidad-social-corporativa\/"]}]},{"@type":"BreadcrumbList","@id":"https:\/\/www.copealcoy.es\/es\/responsabilidad-social-corporativa\/#breadcrumb","itemListElement":[{"@type":"ListItem","position":1,"name":"Portada","item":"https:\/\/www.copealcoy.es\/es\/"},{"@type":"ListItem","position":2,"name":"Responsabilidad social corporativa"}]},{"@type":"WebSite","@id":"https:\/\/www.copealcoy.es\/es\/#website","url":"https:\/\/www.copealcoy.es\/es\/","name":"COPE Alcoy","description":"Emisora COPE de radio local con emisi\u00f3n online. Pont de Sant Jordi 8-10 03803 Alcoy","potentialAction":[{"@type":"SearchAction","target":{"@type":"EntryPoint","urlTemplate":"https:\/\/www.copealcoy.es\/es\/?s={search_term_string}"},"query-input":{"@type":"PropertyValueSpecification","valueRequired":true,"valueName":"search_term_string"}}],"inLanguage":"es"}]}},"_links":{"self":[{"href":"https:\/\/www.copealcoy.es\/es\/wp-json\/wp\/v2\/pages\/47184","targetHints":{"allow":["GET"]}}],"collection":[{"href":"https:\/\/www.copealcoy.es\/es\/wp-json\/wp\/v2\/pages"}],"about":[{"href":"https:\/\/www.copealcoy.es\/es\/wp-json\/wp\/v2\/types\/page"}],"author":[{"embeddable":true,"href":"https:\/\/www.copealcoy.es\/es\/wp-json\/wp\/v2\/users\/1"}],"replies":[{"embeddable":true,"href":"https:\/\/www.copealcoy.es\/es\/wp-json\/wp\/v2\/comments?post=47184"}],"version-history":[{"count":0,"href":"https:\/\/www.copealcoy.es\/es\/wp-json\/wp\/v2\/pages\/47184\/revisions"}],"wp:attachment":[{"href":"https:\/\/www.copealcoy.es\/es\/wp-json\/wp\/v2\/media?parent=47184"}],"curies":[{"name":"wp","href":"https:\/\/api.w.org\/{rel}","templated":true}]}}