{"id":47182,"date":"2020-07-17T08:08:29","date_gmt":"2020-07-17T08:08:29","guid":{"rendered":"https:\/\/www.copealcoy.es\/?page_id=47182"},"modified":"2020-07-17T08:46:54","modified_gmt":"2020-07-17T08:46:54","slug":"politica-de-cookies","status":"publish","type":"page","link":"https:\/\/www.copealcoy.es\/es\/politica-de-cookies\/","title":{"rendered":"Pol\u00edtica de cookies"},"content":{"rendered":"<div class=\"wpb-content-wrapper\">[vc_row][vc_column][vc_column_text]\n<h2>\u00bfQu\u00e9 son las cookies?<\/h2>\n<p>Este sitio web utiliza cookies y\/o tecnolog\u00edas similares que almacenan y recuperan informaci\u00f3n cuando navegas. En general, estas tecnolog\u00edas pueden servir para finalidades muy diversas, como, por ejemplo, reconocerte como usuario, obtener informaci\u00f3n sobre tus h\u00e1bitos de navegaci\u00f3n, o personalizar la forma en que se muestra el contenido. Los usos concretos que hacemos de estas tecnolog\u00edas se describen a continuaci\u00f3n.<\/p>\n<h2>\u00bfQu\u00e9 tipos de cookies se utilizan en esta p\u00e1gina web?<\/h2>\n<ul>\n<li>De an\u00e1lisis: son aquellas que, tratadas por nosotros o por terceros, nos permiten cuantificar el n\u00famero de usuarios y as\u00ed realizar la medici\u00f3n y an\u00e1lisis estad\u00edstico de la utilizaci\u00f3n que hacen los usuarios del servicio ofertado. Para ello se analiza su navegaci\u00f3n en nuestra p\u00e1gina web con el fin de mejorar la oferta de productos o servicios que le ofrecemos.<\/li>\n<li>Publicitarias comportamentales: son aquellas que, tratadas por nosotros o por terceros, nos permiten analizar sus h\u00e1bitos de navegaci\u00f3n en Internet para que podamos mostrarle publicidad relacionada con su perfil de navegaci\u00f3n.<\/li>\n<\/ul>\n<h2>\u00bfPara que usamos las cookies?<\/h2>\n<p>Las cookies usadas en nuestra web NO recogen informaci\u00f3n personal identificable sobre los usuarios de esta p\u00e1gina web.<br \/>\nUsamos cookies con los siguientes prop\u00f3sitos:<\/p>\n<ul>\n<li>Mantener las preferencias de usuario. Si nuestra web tiene un enlace que te permite ver el sitio web con una fuente de letra grande o sin im\u00e1genes para una mejor accesibilidad, entonces una cookie se establece para que esa preferencia permanezca en distintas p\u00e1ginas y para cuando vuelvas a visitar la web en un futuro.<\/li>\n<li>Monitorear el tr\u00e1fico de nuestra web. Usamos Google Analytics, un servicio de an\u00e1lisis web proporcionado por Google. Google Analytics utiliza cookies para ayudarnos a analizar c\u00f3mo los visitantes usan nuestra web. Para saber m\u00e1s sobre c\u00f3mo se utilizan esas cookies visita el Google Privacy.<\/li>\n<li>Para permitir ciertas funciones y ayudarte a navegar eficientemente.<\/li>\n<li>Gesti\u00f3n de la sesi\u00f3n.<\/li>\n<\/ul>\n<h4>Google Fonts<\/h4>\n<p>Usamos Google Fonts para mostrar fuentes web.\u00a0<a href=\"https:\/\/cookiedatabase.org\/service\/google-fonts\" target=\"_blank\" rel=\"noopener noreferrer nofollow\">Leer m\u00e1s<\/a><\/p>\n<table>\n<tbody>\n<tr>\n<td>Nombre<\/td>\n<td>Retenci\u00f3n<\/td>\n<td>Funci\u00f3n<\/td>\n<\/tr>\n<tr>\n<td><b>M\u00e1rketing\/Rastreo<\/b><\/td>\n<td><\/td>\n<td><\/td>\n<\/tr>\n<tr>\n<td><a href=\"https:\/\/cookiedatabase.org\/cookie\/google-fonts\/tcb_google_fonts\" target=\"_blank\" rel=\"noopener noreferrer nofollow\">Google Fonts API<\/a><\/td>\n<td>nada<\/td>\n<td>Preguntar la direcci\u00f3n IP del usuario<\/td>\n<\/tr>\n<\/tbody>\n<\/table>\n<h5>Compartir<\/h5>\n<p>Para m\u00e1s informaci\u00f3n, por favor, lee la\u00a0<a href=\"https:\/\/policies.google.com\/privacy\" target=\"_blank\" rel=\"noopener noreferrer nofollow\">pol\u00edtica de privacidad de Google Fonts<\/a>.<\/p>\n<h4>Google reCAPTCHA<\/h4>\n<p>Usamos Google reCAPTCHA para prevenci\u00f3n de spam.\u00a0<a href=\"https:\/\/cookiedatabase.org\/service\/google-recaptcha\" target=\"_blank\" rel=\"noopener noreferrer nofollow\">Leer m\u00e1s<\/a><\/p>\n<table>\n<tbody>\n<tr>\n<td>Nombre<\/td>\n<td>Retenci\u00f3n<\/td>\n<td>Funci\u00f3n<\/td>\n<\/tr>\n<tr>\n<td><b>M\u00e1rketing\/Rastreo<\/b><\/td>\n<td><\/td>\n<td><\/td>\n<\/tr>\n<tr>\n<td><a href=\"https:\/\/cookiedatabase.org\/cookie\/google-recaptcha\/rcc\" target=\"_blank\" rel=\"noopener noreferrer nofollow\">rc::c<\/a><\/td>\n<td>sesi\u00f3n<\/td>\n<td>Filtrar peticiones de bots<\/td>\n<\/tr>\n<tr>\n<td><a href=\"https:\/\/cookiedatabase.org\/cookie\/google-recaptcha\/rcb\" target=\"_blank\" rel=\"noopener noreferrer nofollow\">rc::b<\/a><\/td>\n<td>sesi\u00f3n<\/td>\n<td>Filtrar peticiones de bots<\/td>\n<\/tr>\n<tr>\n<td><a href=\"https:\/\/cookiedatabase.org\/cookie\/google-recaptcha\/rca\" target=\"_blank\" rel=\"noopener noreferrer nofollow\">rc::a<\/a><\/td>\n<td>persistente<\/td>\n<td>Filtrar peticiones de bots<\/td>\n<\/tr>\n<\/tbody>\n<\/table>\n<h5>Compartir<\/h5>\n<p>Para m\u00e1s informaci\u00f3n, por favor, lee la\u00a0<a href=\"https:\/\/policies.google.com\/privacy\" target=\"_blank\" rel=\"noopener noreferrer nofollow\">pol\u00edtica de privacidad de Google reCAPTCHA<\/a>.<\/p>\n<h4>YouTube<\/h4>\n<p>Usamos YouTube para mostrar video.\u00a0<a href=\"https:\/\/cookiedatabase.org\/service\/youtube\" target=\"_blank\" rel=\"noopener noreferrer nofollow\">Leer m\u00e1s<\/a><\/p>\n<table>\n<tbody>\n<tr>\n<td>Nombre<\/td>\n<td>Retenci\u00f3n<\/td>\n<td>Funci\u00f3n<\/td>\n<\/tr>\n<tr>\n<td><b>M\u00e1rketing\/Rastreo<\/b><\/td>\n<td><\/td>\n<td><\/td>\n<\/tr>\n<tr>\n<td><a href=\"https:\/\/cookiedatabase.org\/cookie\/youtube\/gps\" target=\"_blank\" rel=\"noopener noreferrer nofollow\">GPS<\/a><\/td>\n<td>sesi\u00f3n<\/td>\n<td>Guardar datos de ubicaci\u00f3n<\/td>\n<\/tr>\n<tr>\n<td><b>Funcional<\/b><\/td>\n<td><\/td>\n<td><\/td>\n<\/tr>\n<tr>\n<td><a href=\"https:\/\/cookiedatabase.org\/cookie\/youtube\/visitor_info1_live\" target=\"_blank\" rel=\"noopener noreferrer nofollow\">VISITOR_INFO1_LIVE<\/a><\/td>\n<td>6 meses<\/td>\n<td>Estimar ancho de banda<\/td>\n<\/tr>\n<tr>\n<td><b>Estad\u00edsticas<\/b><\/td>\n<td><\/td>\n<td><\/td>\n<\/tr>\n<tr>\n<td><a href=\"https:\/\/cookiedatabase.org\/cookie\/youtube\/ysc\" target=\"_blank\" rel=\"noopener noreferrer nofollow\">YSC<\/a><\/td>\n<td>sesi\u00f3n<\/td>\n<td>Guardar un ID de usuario \u00fanico<\/td>\n<\/tr>\n<tr>\n<td><a href=\"https:\/\/cookiedatabase.org\/cookie\/youtube\/pref\" target=\"_blank\" rel=\"noopener noreferrer nofollow\">PREF<\/a><\/td>\n<td>1 a\u00f1o<\/td>\n<td>Guardar visitas a trav\u00e9s de m\u00faltiples sitios<\/td>\n<\/tr>\n<\/tbody>\n<\/table>\n<h5>Compartir<\/h5>\n<p>Para m\u00e1s informaci\u00f3n, por favor, lee la\u00a0<a href=\"https:\/\/policies.google.com\/privacy\" target=\"_blank\" rel=\"noopener noreferrer nofollow\">pol\u00edtica de privacidad de YouTube<\/a>.<\/p>\n<h4>Varios<\/h4>\n<table>\n<tbody>\n<tr>\n<td>Nombre<\/td>\n<td>Retenci\u00f3n<\/td>\n<td>Funci\u00f3n<\/td>\n<\/tr>\n<tr>\n<td><b>Prop\u00f3sito pendiente de investigaci\u00f3n<\/b><\/td>\n<td><\/td>\n<td><\/td>\n<\/tr>\n<tr>\n<td>complianz_config<\/td>\n<td>365 d\u00edas<\/td>\n<td><\/td>\n<\/tr>\n<tr>\n<td>complianz_policy_id<\/td>\n<td>365 d\u00edas<\/td>\n<td><\/td>\n<\/tr>\n<\/tbody>\n<\/table>\n<h5>Compartir<\/h5>\n<p>Estos datos no se comparten con terceros.<\/p>\n<h2>Cookies de terceros.<\/h2>\n<p>Cookies de an\u00e1lisis: permiten cuantificar el n\u00famero de usuarios y as\u00ed realizar la medici\u00f3n y an\u00e1lisis estad\u00edstico de la utilizaci\u00f3n que hacen los usuarios del servicio ofertado. Para ello se analiza su navegaci\u00f3n en nuestra p\u00e1gina web con el fin de mejorar la oferta de productos o servicios que le ofrecemos.<\/p>\n<p>Conoce a los terceros en: https:\/\/developers.google.com\/analytics\/devguides\/collection\/analyticsjs\/cookie-usage?hl=es<\/p>\n<h2>Informaci\u00f3n sobre la forma de aceptar, denegar, revocar el consentimiento o eliminar las cookies.<\/h2>\n<p>Informaci\u00f3n sobre la forma de aceptar, denegar, revocar el consentimiento o eliminar las cookies.[\/vc_column_text][\/vc_column][\/vc_row]\n<\/div>","protected":false},"excerpt":{"rendered":"<p>[vc_row][vc_column][vc_column_text] \u00bfQu\u00e9 son las cookies? Este sitio web utiliza cookies y\/o tecnolog\u00edas similares que almacenan y recuperan informaci\u00f3n cuando navegas&#8230;.<\/p>\n","protected":false},"author":1,"featured_media":0,"parent":0,"menu_order":0,"comment_status":"closed","ping_status":"closed","template":"","meta":{"footnotes":""},"class_list":["post-47182","page","type-page","status-publish","hentry"],"yoast_head":"<!-- This site is optimized with the Yoast SEO plugin v27.1.1 - https:\/\/yoast.com\/product\/yoast-seo-wordpress\/ -->\n<title>Pol\u00edtica de cookies - COPE Alcoy<\/title>\n<meta name=\"robots\" content=\"index, follow, max-snippet:-1, max-image-preview:large, max-video-preview:-1\" \/>\n<link rel=\"canonical\" href=\"https:\/\/www.copealcoy.es\/es\/politica-de-cookies\/\" \/>\n<meta property=\"og:locale\" content=\"es_ES\" \/>\n<meta property=\"og:type\" content=\"article\" \/>\n<meta property=\"og:title\" content=\"Pol\u00edtica de cookies - COPE Alcoy\" \/>\n<meta property=\"og:description\" content=\"[vc_row][vc_column][vc_column_text] \u00bfQu\u00e9 son las cookies? Este sitio web utiliza cookies y\/o tecnolog\u00edas similares que almacenan y recuperan informaci\u00f3n cuando navegas....\" \/>\n<meta property=\"og:url\" content=\"https:\/\/www.copealcoy.es\/es\/politica-de-cookies\/\" \/>\n<meta property=\"og:site_name\" content=\"COPE Alcoy\" \/>\n<meta property=\"article:modified_time\" content=\"2020-07-17T08:46:54+00:00\" \/>\n<meta name=\"twitter:label1\" content=\"Tiempo de lectura\" \/>\n\t<meta name=\"twitter:data1\" content=\"3 minutos\" \/>\n<script type=\"application\/ld+json\" class=\"yoast-schema-graph\">{\"@context\":\"https:\/\/schema.org\",\"@graph\":[{\"@type\":\"WebPage\",\"@id\":\"https:\/\/www.copealcoy.es\/es\/politica-de-cookies\/\",\"url\":\"https:\/\/www.copealcoy.es\/es\/politica-de-cookies\/\",\"name\":\"Pol\u00edtica de cookies - COPE Alcoy\",\"isPartOf\":{\"@id\":\"https:\/\/www.copealcoy.es\/es\/#website\"},\"datePublished\":\"2020-07-17T08:08:29+00:00\",\"dateModified\":\"2020-07-17T08:46:54+00:00\",\"breadcrumb\":{\"@id\":\"https:\/\/www.copealcoy.es\/es\/politica-de-cookies\/#breadcrumb\"},\"inLanguage\":\"es\",\"potentialAction\":[{\"@type\":\"ReadAction\",\"target\":[\"https:\/\/www.copealcoy.es\/es\/politica-de-cookies\/\"]}]},{\"@type\":\"BreadcrumbList\",\"@id\":\"https:\/\/www.copealcoy.es\/es\/politica-de-cookies\/#breadcrumb\",\"itemListElement\":[{\"@type\":\"ListItem\",\"position\":1,\"name\":\"Portada\",\"item\":\"https:\/\/www.copealcoy.es\/es\/\"},{\"@type\":\"ListItem\",\"position\":2,\"name\":\"Pol\u00edtica de cookies\"}]},{\"@type\":\"WebSite\",\"@id\":\"https:\/\/www.copealcoy.es\/es\/#website\",\"url\":\"https:\/\/www.copealcoy.es\/es\/\",\"name\":\"COPE Alcoy\",\"description\":\"Emisora COPE de radio local con emisi\u00f3n online. Pont de Sant Jordi 8-10 03803 Alcoy\",\"potentialAction\":[{\"@type\":\"SearchAction\",\"target\":{\"@type\":\"EntryPoint\",\"urlTemplate\":\"https:\/\/www.copealcoy.es\/es\/?s={search_term_string}\"},\"query-input\":{\"@type\":\"PropertyValueSpecification\",\"valueRequired\":true,\"valueName\":\"search_term_string\"}}],\"inLanguage\":\"es\"}]}<\/script>\n<!-- \/ Yoast SEO plugin. -->","yoast_head_json":{"title":"Pol\u00edtica de cookies - COPE Alcoy","robots":{"index":"index","follow":"follow","max-snippet":"max-snippet:-1","max-image-preview":"max-image-preview:large","max-video-preview":"max-video-preview:-1"},"canonical":"https:\/\/www.copealcoy.es\/es\/politica-de-cookies\/","og_locale":"es_ES","og_type":"article","og_title":"Pol\u00edtica de cookies - COPE Alcoy","og_description":"[vc_row][vc_column][vc_column_text] \u00bfQu\u00e9 son las cookies? Este sitio web utiliza cookies y\/o tecnolog\u00edas similares que almacenan y recuperan informaci\u00f3n cuando navegas....","og_url":"https:\/\/www.copealcoy.es\/es\/politica-de-cookies\/","og_site_name":"COPE Alcoy","article_modified_time":"2020-07-17T08:46:54+00:00","twitter_misc":{"Tiempo de lectura":"3 minutos"},"schema":{"@context":"https:\/\/schema.org","@graph":[{"@type":"WebPage","@id":"https:\/\/www.copealcoy.es\/es\/politica-de-cookies\/","url":"https:\/\/www.copealcoy.es\/es\/politica-de-cookies\/","name":"Pol\u00edtica de cookies - COPE Alcoy","isPartOf":{"@id":"https:\/\/www.copealcoy.es\/es\/#website"},"datePublished":"2020-07-17T08:08:29+00:00","dateModified":"2020-07-17T08:46:54+00:00","breadcrumb":{"@id":"https:\/\/www.copealcoy.es\/es\/politica-de-cookies\/#breadcrumb"},"inLanguage":"es","potentialAction":[{"@type":"ReadAction","target":["https:\/\/www.copealcoy.es\/es\/politica-de-cookies\/"]}]},{"@type":"BreadcrumbList","@id":"https:\/\/www.copealcoy.es\/es\/politica-de-cookies\/#breadcrumb","itemListElement":[{"@type":"ListItem","position":1,"name":"Portada","item":"https:\/\/www.copealcoy.es\/es\/"},{"@type":"ListItem","position":2,"name":"Pol\u00edtica de cookies"}]},{"@type":"WebSite","@id":"https:\/\/www.copealcoy.es\/es\/#website","url":"https:\/\/www.copealcoy.es\/es\/","name":"COPE Alcoy","description":"Emisora COPE de radio local con emisi\u00f3n online. Pont de Sant Jordi 8-10 03803 Alcoy","potentialAction":[{"@type":"SearchAction","target":{"@type":"EntryPoint","urlTemplate":"https:\/\/www.copealcoy.es\/es\/?s={search_term_string}"},"query-input":{"@type":"PropertyValueSpecification","valueRequired":true,"valueName":"search_term_string"}}],"inLanguage":"es"}]}},"_links":{"self":[{"href":"https:\/\/www.copealcoy.es\/es\/wp-json\/wp\/v2\/pages\/47182","targetHints":{"allow":["GET"]}}],"collection":[{"href":"https:\/\/www.copealcoy.es\/es\/wp-json\/wp\/v2\/pages"}],"about":[{"href":"https:\/\/www.copealcoy.es\/es\/wp-json\/wp\/v2\/types\/page"}],"author":[{"embeddable":true,"href":"https:\/\/www.copealcoy.es\/es\/wp-json\/wp\/v2\/users\/1"}],"replies":[{"embeddable":true,"href":"https:\/\/www.copealcoy.es\/es\/wp-json\/wp\/v2\/comments?post=47182"}],"version-history":[{"count":0,"href":"https:\/\/www.copealcoy.es\/es\/wp-json\/wp\/v2\/pages\/47182\/revisions"}],"wp:attachment":[{"href":"https:\/\/www.copealcoy.es\/es\/wp-json\/wp\/v2\/media?parent=47182"}],"curies":[{"name":"wp","href":"https:\/\/api.w.org\/{rel}","templated":true}]}}