{"id":47180,"date":"2020-07-17T08:02:48","date_gmt":"2020-07-17T08:02:48","guid":{"rendered":"https:\/\/www.copealcoy.es\/?page_id=47180"},"modified":"2020-07-17T08:02:48","modified_gmt":"2020-07-17T08:02:48","slug":"aviso-legal","status":"publish","type":"page","link":"https:\/\/www.copealcoy.es\/es\/aviso-legal\/","title":{"rendered":"Aviso Legal"},"content":{"rendered":"<div class=\"wpb-content-wrapper\">[vc_row][vc_column][vc_column_text]PONT MEDIA S.L., con nombre comercial COPE ALCOY, responsable de este sitio web, pone a disposici\u00f3n de los usuarios de Internet el presente documento, cuya finalidad es cumplir las obligaciones establecidas en la Ley 34\/2002, de 11 de junio, de Servicios de la Sociedad de la Informaci\u00f3n y de Comercio Electr\u00f3nico (LSSICE) y dem\u00e1s normativa aplicable, as\u00ed como proporcionar informaci\u00f3n sobre las condiciones de uso.<\/p>\n<h2>DATOS IDENTIFICATIVOS<\/h2>\n<p>En cumplimiento del deber de informaci\u00f3n regulado en el art. 10 LSSICE, a continuaci\u00f3n se facilitan los datos necesarios del titular de la p\u00e1gina web:<br \/>\nLa empresa que gestiona los servicios y el dominio web es PONT MEDIA S.L. con CIF B-40518003, con domicilio social a estos efectos en Avenida Pont de Sant Jordi N\u00ba 8-10 de Alcoy (Alicante) C.P. 03803, tel\u00e9fono 965332735, direcci\u00f3n de correo electr\u00f3nico de contacto direccion@copealcoi.es, inscrita en el Registro Mercantil de Alicante al Tomo 10539, Folio 208, Secci\u00f3n y Hoja V-183351, Libro 7820 e Inscripci\u00f3n 1. A continuaci\u00f3n nos referiremos a PONT MEDIA S.L. por su nombre comercial antes indicado COPE ALCOY.<\/p>\n<h2>USUARIOS<\/h2>\n<p>Toda persona, ya sea f\u00edsica o jur\u00eddica, que acceda, navegue, utilice o participe en los servicios y actividades, gratuitas u onerosas, desarrolladas mediante esta p\u00e1gina web asume la condici\u00f3n de USUARIO, y como tal, a trav\u00e9s de dicho acceso, se compromete a la observancia y riguroso cumplimiento de las disposiciones aqu\u00ed presentes, as\u00ed como a cualquier otra disposici\u00f3n legal que resulte de aplicaci\u00f3n, oblig\u00e1ndose as\u00ed a hacer un uso correcto del sitio web. El usuario responder\u00e1 frente a COPE ALCOY o frente a terceros, de cualesquiera da\u00f1os y perjuicios que pudieran causarse como consecuencia del incumplimiento de dicha obligaci\u00f3n.<\/p>\n<h2>MODIFICACIONES<\/h2>\n<p>COPE ALCOY se reserva el derecho de realizar unilateralmente las modificaciones que estime pertinentes en su portal, pudiendo cambiar, suprimir o a\u00f1adir tanto los contenidos como los servicios que se presten a trav\u00e9s del mismo, sin que exista obligaci\u00f3n de preavisar o poner en conocimiento de los usuarios dichas modificaciones, entendi\u00e9ndose como suficiente con la publicaci\u00f3n en el sitio web del prestador.<br \/>\nLa duraci\u00f3n de la prestaci\u00f3n del servicio del portal se limita al momento en que el usuario est\u00e9 conectado al sitio web o a alguno de los servicios que \u00e9ste proporciona. Por ello, el usuario, en cada ocasi\u00f3n que pretenda utilizar el portal, debe leer detenidamente este Aviso Legal, ya que el mismo y sus respectivas condiciones de uso pueden verse alteradas en cualquier momento. Por tanto, la vigencia de las citadas condiciones variar\u00e1 en funci\u00f3n de su exposici\u00f3n y se mantendr\u00e1 mientras est\u00e9n debidamente publicadas, hasta que se vean sustituidas por otras.<\/p>\n<h2>CONDICIONES DE USO DEL SITIO WEB<\/h2>\n<p>Las presentes condiciones de uso y navegaci\u00f3n tienen como finalidad regular la relaci\u00f3n entre el titular de la p\u00e1gina web, COPE ALCOY, como prestador del servicio, y los usuarios que acceden, navegan y disfrutan del servicio ofrecido.<br \/>\nCOPE ALCOY proporciona el acceso libre y gratuito a gran cantidad de informaci\u00f3n, servicios y datos (en adelante, \u201clos contenidos\u201d), cuya propiedad pertenece a COPE ALCOY o a sus licenciantes a los que el usuario puede tener acceso.<br \/>\nEl usuario asume la responsabilidad del uso adecuado del portal de conformidad con la Ley y las presentes condiciones, responsabilidad que se extiende al registro necesario para acceder a determinados servicios y contenidos que se prestan. Dicho registro conlleva la cumplimentaci\u00f3n del correspondiente formulario, en el cual el usuario garantiza la autenticidad y actualidad de todos aquellos datos que comunique y se compromete a no proporcionar informaci\u00f3n o documentaci\u00f3n falsa, fraudulenta o il\u00edcita. A ra\u00edz del mismo puede surgir la creaci\u00f3n de una contrase\u00f1a que el usuario deber\u00e1 conservar diligentemente y de manera confidencial. El usuario ser\u00e1 el \u00fanico responsable de las manifestaciones falsas o inexactas que realice y de los perjuicios que cause a COPE ALCOY o a terceros por la informaci\u00f3n que facilite.<br \/>\nEl usuario se compromete expresamente a hacer un adecuado uso de los contenidos y servicios que COPE ALCOY ofrece, conforme a lo establecido en la ley, la moral, el orden p\u00fablico y las presentes condiciones y, con car\u00e1cter enunciativo pero no limitativo, a no emplearlos para:<br \/>\nDifundir contenidos delictivos, violentos, pornogr\u00e1ficos, racistas, xen\u00f3fobos, ofensivos, de apolog\u00eda al terrorismo, que atenten contra los derecho humanos o, en general, contrarios a la ley o al orden p\u00fablico.<br \/>\nIntroducir intencionadamente en la red virus inform\u00e1ticos o realizar actuaciones susceptibles de alterar, estropear, interrumpir o generar errores o da\u00f1os en los sistemas f\u00edsicos y l\u00f3gicos de COPE ALCOY, creadora del sitio web, o de terceras personas; as\u00ed como obstaculizar el acceso de otros usuarios al sitio web y a sus servicios mediante el consumo masivo de los recursos inform\u00e1ticos a trav\u00e9s de los cuales COPE ALCOY presta sus servicios.<br \/>\nIntentar acceder a las cuentas de correo electr\u00f3nico de otros usuarios o a \u00e1reas restringidas de los sistemas inform\u00e1ticos de COPE ALCOY o de terceros y, en su caso, extraer informaci\u00f3n.<br \/>\nVulnerar los derechos de propiedad intelectual o industrial, as\u00ed como difundir, transmitir o poner a disposici\u00f3n de terceros cualquier tipo de informaci\u00f3n, elemento o contenido que suponga una violaci\u00f3n del secreto de las comunicaciones y la legislaci\u00f3n sobre protecci\u00f3n de datos de car\u00e1cter personal.<br \/>\nSuplantar la identidad de otro usuario, de las administraciones p\u00fablicas o de un tercero, utilizando sus claves de registro a los distintos servicios y\/o contenidos del sitio web.<br \/>\nReproducir, copiar, distribuir, poner a disposici\u00f3n o de cualquier otra forma comunicar p\u00fablicamente, transformar o modificar los contenidos, a menos que se cuente con la autorizaci\u00f3n del titular de los correspondientes derechos de explotaci\u00f3n o ello resulte legalmente permitido.<br \/>\nRecabar datos con finalidad publicitaria y remitir publicidad de cualquier clase y comunicaciones con fines de venta u otra de naturaleza comercial sin que medie previa solicitud o consentimiento.<br \/>\nCualquier incumplimiento de las cl\u00e1usulas contenidas en el presente sitio web (Aviso Legal, Pol\u00edtica de Cookies, as\u00ed como otros contenidos que supongan obligaciones para el usuario) y en general de la legalidad vigente en Espa\u00f1a, se comunicar\u00e1 inmediatamente por parte de COPE ALCOY a las autoridades pertinentes, comprometi\u00e9ndose \u00e9sta a cooperar con las mismas. En tal caso, el usuario responder\u00e1 frente a COPE ALCOY o frente a terceros, de cualesquiera da\u00f1os y perjuicios que pudieran causarse como consecuencia del incumplimiento de estas obligaciones.<br \/>\nCOPE ALCOY no garantiza que su p\u00e1gina web cumpla, total o parcialmente, con las legislaciones de otros pa\u00edses. Por tanto, si el usuario reside o se encuentra domiciliado en cualquier otro lugar que no sea Espa\u00f1a, y decide acceder y\/o navegar en el presente sitio web, lo har\u00e1 bajo su propia responsabilidad y riesgo, debiendo asegurarse de que tal acceso y\/o navegaci\u00f3n cumple con la legislaci\u00f3n local aplicable en su caso.<br \/>\nCOPE ALCOY no se hace responsable de ning\u00fan da\u00f1o o p\u00e9rdida que se derive de un ataque de denegaci\u00f3n de servicio, virus o cualquier otro programa o material tecnol\u00f3gicamente perjudicial que pueda afectar a su ordenador, equipo inform\u00e1tico, datos o materiales como consecuencia del uso de esta p\u00e1gina web o de la descarga de contenidos de la misma o a los que la misma redireccione.<\/p>\n<h2>NOTIFICACIONES<\/h2>\n<p>Todas las notificaciones y comunicaciones entre los usuarios y COPE ALCOY se considerar\u00e1n eficaces, a todos los efectos, cuando se realicen a trav\u00e9s de correo postal, correo electr\u00f3nico o comunicaci\u00f3n telef\u00f3nica. Los usuarios deber\u00e1n dirigirse a COPE ALCOY mediante:<br \/>\na) Env\u00edo por correo postal a la siguiente direcci\u00f3n: Avenida Pont de Sant Jordi N\u00ba 8-10 de Alcoy (Alicante) C.P. 03803.<br \/>\nb) Comunicaci\u00f3n por medio de llamada telef\u00f3nica al n\u00famero de tel\u00e9fono: 965332735<br \/>\nc) Env\u00edo por correo electr\u00f3nico a la siguiente direcci\u00f3n: direccion@copealcoi.es<br \/>\nMediante el uso de esta p\u00e1gina web, el usuario acepta impl\u00edcitamente que la mayor parte de las comunicaciones se realizar\u00e1n por v\u00eda electr\u00f3nica. A efectos contractuales, el usuario consiente usar este medio electr\u00f3nico de comunicaci\u00f3n y reconoce que toda comunicaci\u00f3n que se le env\u00ede de forma electr\u00f3nica cumple con los requisitos legales.<\/p>\n<h2>PROTECCI\u00d3N DE DATOS DE CAR\u00c1CTER PERSONAL<\/h2>\n<p>El titular de la p\u00e1gina web se compromete a tratar los datos personales del usuario de conformidad con lo establecido en la legislaci\u00f3n vigente en la materia. Concretamente, se compromete a aplicar lo dispuesto en la Ley Org\u00e1nica 3\/2018, de 5 de diciembre, de Protecci\u00f3n de Datos de Car\u00e1cter Personal y garant\u00eda de los derechos digitales, y en el Reglamento (UE) 2016\/679 del Parlamento Europeo y del Consejo de 27 de abril de 2016.<br \/>\nPara m\u00e1s informaci\u00f3n sobre el tratamiento de sus datos personales en el portal, dir\u00edjase a la Pol\u00edtica de Privacidad.<\/p>\n<h2>PROPIEDAD INTELECTUAL E INDUSTRIAL<\/h2>\n<p>Todos los contenidos del sitio web, entre otros, textos, fotograf\u00edas, gr\u00e1ficos, im\u00e1genes, iconos, tecnolog\u00eda, software, links y dem\u00e1s contenidos audiovisuales, as\u00ed como su dise\u00f1o gr\u00e1fico y c\u00f3digos fuente, constituyen una obra cuya propiedad pertenece a COPE ALCOY, sin que puedan entenderse cedidos al usuario ninguno de los derechos de explotaci\u00f3n sobre los mismos m\u00e1s all\u00e1 de lo estrictamente necesario para el correcto uso de la web, y con independencia de que sean susceptibles o no de propiedad intelectual.<br \/>\nAsimismo, todas las marcas, nombres comerciales o signos distintivos de cualquier clase que aparecen en el sitio web son propiedad de COPE ALCOY, sin que pueda entenderse que el uso o acceso al mismo atribuya al usuario derecho alguno sobre los mismos.<br \/>\nQueda prohibida la reproducci\u00f3n total o parcial, explotaci\u00f3n, distribuci\u00f3n, modificaci\u00f3n, cesi\u00f3n o comunicaci\u00f3n p\u00fablica de los contenidos y cualquier otro acto que no haya sido expresamente autorizado por el titular de los derechos de explotaci\u00f3n. Cualquier uso no autorizado previamente se considera un incumplimiento grave de los derechos de propiedad intelectual o industrial del autor.<br \/>\nPara realizar cualquier tipo de observaci\u00f3n respecto a posibles incumplimientos de los derechos de propiedad intelectual o industrial, as\u00ed como sobre cualquiera de los contenidos del sitio web, el usuario deber\u00e1 notificar dicha circunstancia a COPE ALCOY, adjuntando la informaci\u00f3n pertinente.<br \/>\nEn cualquier caso, COPE ALCOY no asume responsabilidad alguna respecto de los derechos de propiedad intelectual o industrial titularidad de terceros que se vean infringidos por un tercero o por el usuario.<\/p>\n<h2>ENLACES<\/h2>\n<p>El sitio web de COPE ALCOY puede contener enlaces o hiperv\u00ednculos a otros sitios de Internet, respecto a los cuales no ejerce ning\u00fan tipo de control. Por tanto, una vez que el usuario acceda a los enlaces de terceros y abandone el sitio web, tanto el presente Aviso Legal, como la Pol\u00edtica de Cookies dejar\u00e1n de surtir efecto, ya que los sitios web a los que el usuario acceda est\u00e1n sujetos a sus propias pol\u00edticas.<br \/>\nCOPE ALCOY no puede asumir responsabilidad alguna por el contenido que pueda aparecer en p\u00e1ginas de terceros, ni garantiza la disponibilidad t\u00e9cnica, calidad, fiabilidad, exactitud, amplitud, veracidad, validez y constitucionalidad de cualquier material o informaci\u00f3n contenida en ninguno de dichos enlaces o hiperv\u00ednculos. Asimismo, la inclusi\u00f3n de estas conexiones externas a sitios web ajenos no implica ning\u00fan tipo de asociaci\u00f3n, fusi\u00f3n o participaci\u00f3n con las entidades conectadas.<\/p>\n<h2>EXCLUSI\u00d3N DE GARANT\u00cdAS Y RESPONSABILIDAD<\/h2>\n<p>La informaci\u00f3n suministrada por del presente sitio web es de car\u00e1cter general y tiene una finalidad meramente informativa, sin que se garantice plenamente el acceso a todos los contenidos, ni su exactitud, exhaustividad, correcci\u00f3n, vigencia o actualidad, ni su idoneidad o utilidad para un objetivo espec\u00edfico.<br \/>\nCOPE ALCOY no se hace responsable, en ning\u00fan caso, de los da\u00f1os y perjuicios de cualquier naturaleza derivados de, a t\u00edtulo enunciativo:<br \/>\n&#8211; Lista sin orden Errores u omisiones en los contenidos. COPE ALCOY no garantiza que los contenidos vayan a estar actualizados permanentemente, ni que carezcan de cualquier tipo de error.<br \/>\n&#8211; Lista sin orden Ausencia de disponibilidad del portal. COPE ALCOY no se hace responsable de los posibles da\u00f1os o perjuicios generados en el usuario como consecuencia de fallos o desconexiones en las redes de telecomunicaciones que supongan la suspensi\u00f3n, cancelaci\u00f3n o interrupci\u00f3n del servicio del sitio web, ya que el funcionamiento de estas redes depende de terceros.<br \/>\n&#8211; Lista sin orden Presencia de virus o programas maliciosos o lesivos en los contenidos que puedan alterar los sistemas inform\u00e1ticos, documentos electr\u00f3nicos o datos de los usuarios, a pesar de haber adoptado todas las medidas tecnol\u00f3gicas necesarias para prevenirlo. Corresponde al usuario, en todo caso, estar provisto de herramientas adecuadas que le protejan ante programas inform\u00e1ticos da\u00f1inos.<\/p>\n<h2>LEY APLICABLE Y JURISDICCI\u00d3N<\/h2>\n<p>Las relaciones establecidas entre COPE ALCOY, titular de la p\u00e1gina web, y el usuario se regir\u00e1 por la normativa espa\u00f1ola vigente y la resoluci\u00f3n de cualquier posible controversia que pueda surgir quedar\u00e1 sometida a los Juzgados y tribunales de la ciudad de Alcoy.[\/vc_column_text][\/vc_column][\/vc_row]\n<\/div>","protected":false},"excerpt":{"rendered":"<p>[vc_row][vc_column][vc_column_text]PONT MEDIA S.L., con nombre comercial COPE ALCOY, responsable de este sitio web, pone a disposici\u00f3n de los usuarios de&#8230;<\/p>\n","protected":false},"author":1,"featured_media":0,"parent":0,"menu_order":0,"comment_status":"closed","ping_status":"closed","template":"","meta":{"footnotes":""},"class_list":["post-47180","page","type-page","status-publish","hentry"],"yoast_head":"<!-- This site is optimized with the Yoast SEO plugin v27.3 - https:\/\/yoast.com\/product\/yoast-seo-wordpress\/ -->\n<title>Aviso Legal - COPE Alcoy<\/title>\n<meta name=\"robots\" content=\"index, follow, max-snippet:-1, max-image-preview:large, max-video-preview:-1\" \/>\n<link rel=\"canonical\" href=\"https:\/\/www.copealcoy.es\/es\/aviso-legal\/\" \/>\n<meta property=\"og:locale\" content=\"es_ES\" \/>\n<meta property=\"og:type\" content=\"article\" \/>\n<meta property=\"og:title\" content=\"Aviso Legal - COPE Alcoy\" \/>\n<meta property=\"og:description\" content=\"[vc_row][vc_column][vc_column_text]PONT MEDIA S.L., con nombre comercial COPE ALCOY, responsable de este sitio web, pone a disposici\u00f3n de los usuarios de...\" \/>\n<meta property=\"og:url\" content=\"https:\/\/www.copealcoy.es\/es\/aviso-legal\/\" \/>\n<meta property=\"og:site_name\" content=\"COPE Alcoy\" \/>\n<meta name=\"twitter:label1\" content=\"Tiempo de lectura\" \/>\n\t<meta name=\"twitter:data1\" content=\"11 minutos\" \/>\n<script type=\"application\/ld+json\" class=\"yoast-schema-graph\">{\"@context\":\"https:\\\/\\\/schema.org\",\"@graph\":[{\"@type\":\"WebPage\",\"@id\":\"https:\\\/\\\/www.copealcoy.es\\\/es\\\/aviso-legal\\\/\",\"url\":\"https:\\\/\\\/www.copealcoy.es\\\/es\\\/aviso-legal\\\/\",\"name\":\"Aviso Legal - COPE Alcoy\",\"isPartOf\":{\"@id\":\"https:\\\/\\\/www.copealcoy.es\\\/es\\\/#website\"},\"datePublished\":\"2020-07-17T08:02:48+00:00\",\"breadcrumb\":{\"@id\":\"https:\\\/\\\/www.copealcoy.es\\\/es\\\/aviso-legal\\\/#breadcrumb\"},\"inLanguage\":\"es\",\"potentialAction\":[{\"@type\":\"ReadAction\",\"target\":[\"https:\\\/\\\/www.copealcoy.es\\\/es\\\/aviso-legal\\\/\"]}]},{\"@type\":\"BreadcrumbList\",\"@id\":\"https:\\\/\\\/www.copealcoy.es\\\/es\\\/aviso-legal\\\/#breadcrumb\",\"itemListElement\":[{\"@type\":\"ListItem\",\"position\":1,\"name\":\"Portada\",\"item\":\"https:\\\/\\\/www.copealcoy.es\\\/es\\\/\"},{\"@type\":\"ListItem\",\"position\":2,\"name\":\"Aviso Legal\"}]},{\"@type\":\"WebSite\",\"@id\":\"https:\\\/\\\/www.copealcoy.es\\\/es\\\/#website\",\"url\":\"https:\\\/\\\/www.copealcoy.es\\\/es\\\/\",\"name\":\"COPE Alcoy\",\"description\":\"Emisora COPE de radio local con emisi\u00f3n online. Pont de Sant Jordi 8-10 03803 Alcoy\",\"potentialAction\":[{\"@type\":\"SearchAction\",\"target\":{\"@type\":\"EntryPoint\",\"urlTemplate\":\"https:\\\/\\\/www.copealcoy.es\\\/es\\\/?s={search_term_string}\"},\"query-input\":{\"@type\":\"PropertyValueSpecification\",\"valueRequired\":true,\"valueName\":\"search_term_string\"}}],\"inLanguage\":\"es\"}]}<\/script>\n<!-- \/ Yoast SEO plugin. -->","yoast_head_json":{"title":"Aviso Legal - COPE Alcoy","robots":{"index":"index","follow":"follow","max-snippet":"max-snippet:-1","max-image-preview":"max-image-preview:large","max-video-preview":"max-video-preview:-1"},"canonical":"https:\/\/www.copealcoy.es\/es\/aviso-legal\/","og_locale":"es_ES","og_type":"article","og_title":"Aviso Legal - COPE Alcoy","og_description":"[vc_row][vc_column][vc_column_text]PONT MEDIA S.L., con nombre comercial COPE ALCOY, responsable de este sitio web, pone a disposici\u00f3n de los usuarios de...","og_url":"https:\/\/www.copealcoy.es\/es\/aviso-legal\/","og_site_name":"COPE Alcoy","twitter_misc":{"Tiempo de lectura":"11 minutos"},"schema":{"@context":"https:\/\/schema.org","@graph":[{"@type":"WebPage","@id":"https:\/\/www.copealcoy.es\/es\/aviso-legal\/","url":"https:\/\/www.copealcoy.es\/es\/aviso-legal\/","name":"Aviso Legal - COPE Alcoy","isPartOf":{"@id":"https:\/\/www.copealcoy.es\/es\/#website"},"datePublished":"2020-07-17T08:02:48+00:00","breadcrumb":{"@id":"https:\/\/www.copealcoy.es\/es\/aviso-legal\/#breadcrumb"},"inLanguage":"es","potentialAction":[{"@type":"ReadAction","target":["https:\/\/www.copealcoy.es\/es\/aviso-legal\/"]}]},{"@type":"BreadcrumbList","@id":"https:\/\/www.copealcoy.es\/es\/aviso-legal\/#breadcrumb","itemListElement":[{"@type":"ListItem","position":1,"name":"Portada","item":"https:\/\/www.copealcoy.es\/es\/"},{"@type":"ListItem","position":2,"name":"Aviso Legal"}]},{"@type":"WebSite","@id":"https:\/\/www.copealcoy.es\/es\/#website","url":"https:\/\/www.copealcoy.es\/es\/","name":"COPE Alcoy","description":"Emisora COPE de radio local con emisi\u00f3n online. Pont de Sant Jordi 8-10 03803 Alcoy","potentialAction":[{"@type":"SearchAction","target":{"@type":"EntryPoint","urlTemplate":"https:\/\/www.copealcoy.es\/es\/?s={search_term_string}"},"query-input":{"@type":"PropertyValueSpecification","valueRequired":true,"valueName":"search_term_string"}}],"inLanguage":"es"}]}},"_links":{"self":[{"href":"https:\/\/www.copealcoy.es\/es\/wp-json\/wp\/v2\/pages\/47180","targetHints":{"allow":["GET"]}}],"collection":[{"href":"https:\/\/www.copealcoy.es\/es\/wp-json\/wp\/v2\/pages"}],"about":[{"href":"https:\/\/www.copealcoy.es\/es\/wp-json\/wp\/v2\/types\/page"}],"author":[{"embeddable":true,"href":"https:\/\/www.copealcoy.es\/es\/wp-json\/wp\/v2\/users\/1"}],"replies":[{"embeddable":true,"href":"https:\/\/www.copealcoy.es\/es\/wp-json\/wp\/v2\/comments?post=47180"}],"version-history":[{"count":0,"href":"https:\/\/www.copealcoy.es\/es\/wp-json\/wp\/v2\/pages\/47180\/revisions"}],"wp:attachment":[{"href":"https:\/\/www.copealcoy.es\/es\/wp-json\/wp\/v2\/media?parent=47180"}],"curies":[{"name":"wp","href":"https:\/\/api.w.org\/{rel}","templated":true}]}}